{"id":1806,"date":"2024-12-12T00:46:24","date_gmt":"2024-12-12T05:46:24","guid":{"rendered":"https:\/\/ecuadorpreguntas.com\/caces-odontologia\/?page_id=1806"},"modified":"2024-12-12T01:23:30","modified_gmt":"2024-12-12T06:23:30","slug":"resultados-caces-odontologia-del-octubre-2024","status":"publish","type":"page","link":"https:\/\/ecuadorpreguntas.com\/caces-odontologia\/resultados-caces-odontologia-del-octubre-2024\/","title":{"rendered":"Resultados CACES Odontolog\u00eda del Octubre 2024"},"content":{"rendered":"\n<div class=\"wp-block-cover alignfull wp-duotone-unset-1\" style=\"min-height:351px;aspect-ratio:unset;\"><span aria-hidden=\"true\" class=\"wp-block-cover__background has-background-dim-70 has-background-dim wp-block-cover__gradient-background has-background-gradient\" style=\"background:linear-gradient(90deg,rgb(0,0,0) 0%,rgba(150,149,240,0) 100%)\"><\/span><img loading=\"lazy\" decoding=\"async\" width=\"1000\" height=\"339\" class=\"wp-block-cover__image-background wp-image-1809\" alt=\"Resultados del CACES Odontolog\u00eda del Octubre 2024\" src=\"https:\/\/ecuadorpreguntas.com\/caces-odontologia\/wp-content\/uploads\/2024\/12\/resultados-caces-odontologia-2024.webp\" style=\"object-position:58% 0%\" data-object-fit=\"cover\" data-object-position=\"58% 0%\" srcset=\"https:\/\/ecuadorpreguntas.com\/caces-odontologia\/wp-content\/uploads\/2024\/12\/resultados-caces-odontologia-2024.webp 1000w, https:\/\/ecuadorpreguntas.com\/caces-odontologia\/wp-content\/uploads\/2024\/12\/resultados-caces-odontologia-2024-300x102.webp 300w, https:\/\/ecuadorpreguntas.com\/caces-odontologia\/wp-content\/uploads\/2024\/12\/resultados-caces-odontologia-2024-768x260.webp 768w, https:\/\/ecuadorpreguntas.com\/caces-odontologia\/wp-content\/uploads\/2024\/12\/resultados-caces-odontologia-2024-600x203.webp 600w\" sizes=\"auto, (max-width: 1000px) 100vw, 1000px\" \/><div class=\"wp-block-cover__inner-container is-layout-flow wp-block-cover-is-layout-flow\">\n<div class=\"wp-block-group alignwide is-layout-constrained wp-container-core-group-is-layout-111b2e00 wp-block-group-is-layout-constrained\"><h1 class=\"has-text-align-center alignwide wp-block-post-title has-text-color has-white-color has-big-font-size\">Resultados CACES Odontolog\u00eda del Octubre 2024<\/h1><\/div>\n<\/div><\/div>\n\n\n\n<h2 class=\"wp-block-heading\"><strong>C\u00f3mo fue tomado el examen CACES de Odontolog\u00eda del Octubre 2024<\/strong><\/h2>\n\n\n\n<p>El <a href=\"https:\/\/ecuadorpreguntas.com\/caces-odontologia\/examen-caces-odontologia\/\" data-type=\"page\" data-id=\"104\">examen CACES de Odontolog\u00eda <\/a>es un examen de alto impacto que se toma dos veces al a\u00f1o. Cada odont\u00f3logo debe aprobar el examen para poder ejercer su profesi\u00f3n en Ecuador. Sin aprobar el examen, los odont\u00f3logos no pueden ejercer en Ecuador, ni en el \u00e1rea p\u00fablica ni privada.<\/p>\n\n\n\n<p>El examen se realiz\u00f3 el s\u00e1bado 19 de octubre y el domingo 20 de octubre de 2024. En ambos d\u00edas, el examen se dividi\u00f3 en dos sesiones: una matutina, de 8:30 a 11:00, y una vespertina, de 14:30 a 17:00. En total, el examen se administr\u00f3 en cuatro grupos diferentes, cada uno con un conjunto \u00fanico de preguntas.<\/p>\n\n\n\n<h2 class=\"wp-block-heading\"><strong>\u00bfCu\u00e1ntos odont\u00f3logos rindieron el examen CACES Octubre 2024?<\/strong><\/h2>\n\n\n\n<p>Se inscribieron 1.562 odont\u00f3logos, pero el d\u00eda del examen solo se presentaron 1.500 odont\u00f3logos. Esto significa que solo el 96% de los odont\u00f3logos inscritos se presentaron para rendir el examen.<\/p>\n\n\n\n<h2 class=\"wp-block-heading\"><strong>\u00bfCu\u00e1ntas personas aprobaron el CACES de Odontolog\u00eda de Octubre 2024?<\/strong><\/h2>\n\n\n\n<p>De los 1.500 odont\u00f3logos que rindieron el examen CACES, aprobaron 1.165 odont\u00f3logos y reprobaron 335 odont\u00f3logos. Esto significa que la tasa de aprobaci\u00f3n fue del 77% y el 23% no aprob\u00f3 el examen. La tasa de aprobaci\u00f3n fue mayor que la de enfermer\u00eda pero menor que la de medicina.<\/p>\n\n\n\n<p>El 98% de los usuarios de EcuadorPreguntas.com aprobaron el examen. Nuestro simulador CACES con explicaciones de m\u00e1s de 2.400 preguntas CACES de Odontolog\u00eda es el mejor m\u00e9todo para estudiar para el examen CACES. Para hacer la demostraci\u00f3n gratis, puede hacer clic en el siguiente bot\u00f3n:<\/p>\n\n\n\n<div class=\"wp-block-buttons is-content-justification-center is-layout-flex wp-container-core-buttons-is-layout-a89b3969 wp-block-buttons-is-layout-flex\">\n<div class=\"wp-block-button\"><a class=\"wp-block-button__link wp-element-button\" href=\"https:\/\/ecuadorpreguntas.com\/caces-odontologia-simulador\/mod\/caces\/view.php?id=6\">Demostraci\u00f3n Gratis<\/a><\/div>\n<\/div>\n\n\n\n<h2 class=\"wp-block-heading\"><strong>La tasa de aprobaci\u00f3n seg\u00fan el g\u00e9nero<\/strong><\/h2>\n\n\n\n<p>Las mujeres representaron una mayor proporci\u00f3n de participantes, con 966 evaluadas en comparaci\u00f3n con 534 hombres. De las mujeres evaluadas, aproximadamente el 80% logr\u00f3 aprobar, mientras que alrededor del 20% no lo hizo. Por otro lado, los hombres presentaron una menor tasa de aprobaci\u00f3n del 74%, con un 26% de no aprobados.<\/p>\n\n\n\n<figure class=\"wp-block-table\"><table class=\"has-fixed-layout\"><thead><tr><th>Sexo<\/th><th>Aprobados<\/th><th>No Aprobados<\/th><th>Total<\/th><\/tr><\/thead><tbody><tr><td>Mujer<\/td><td>772<\/td><td>194<\/td><td>966<\/td><\/tr><tr><td>Hombre<\/td><td>393<\/td><td>141<\/td><td>534<\/td><\/tr><tr><td><strong>Total<\/strong><\/td><td><strong>1.165<\/strong><\/td><td><strong>335<\/strong><\/td><td><strong>1.500<\/strong><\/td><\/tr><\/tbody><\/table><figcaption class=\"wp-element-caption\">Fuente: <a href=\"https:\/\/www.caces.gob.ec\" target=\"_blank\" rel=\"noreferrer noopener\">Consejo de Aseguramiento de la Calidad de la Educaci\u00f3n Superior<\/a><\/figcaption><\/figure>\n\n\n\n<h2 class=\"wp-block-heading\"><strong>An\u00e1lisis de los resultados del CACES de Odontolog\u00eda de Octubre 2024<\/strong><\/h2>\n\n\n\n<p>El puntaje m\u00e1s bajo registrado fue de 35,00. La mediana de las notas fue de 86,00, lo que significa que el 50% de los participantes obtuvo calificaciones inferiores a este valor y el otro 50% superiores. El promedio general de las notas fue de 82,98. El percentil 25 fue de 76,00; este percentil indica que el 25% de los participantes obtuvieron calificaciones por debajo de este puntaje. El percentil 75 se situ\u00f3 en 92,00; este percentil significa que el 75% de los participantes obtuvo calificaciones por debajo de este valor. El puntaje m\u00e1s alto alcanzado fue de 99,00, marcando el l\u00edmite superior de las calificaciones obtenidas en esta evaluaci\u00f3n. <\/p>\n\n\n\n<figure class=\"wp-block-image size-full\"><img loading=\"lazy\" decoding=\"async\" width=\"980\" height=\"652\" src=\"https:\/\/ecuadorpreguntas.com\/caces-odontologia\/wp-content\/uploads\/2024\/12\/histograma-resultados-caces-odontologia-octubre-2024.webp\" alt=\"Histograma sobre los Resultados del CACES Odontolog\u00eda del Octubre 2024\" class=\"wp-image-1810\" srcset=\"https:\/\/ecuadorpreguntas.com\/caces-odontologia\/wp-content\/uploads\/2024\/12\/histograma-resultados-caces-odontologia-octubre-2024.webp 980w, https:\/\/ecuadorpreguntas.com\/caces-odontologia\/wp-content\/uploads\/2024\/12\/histograma-resultados-caces-odontologia-octubre-2024-300x200.webp 300w, https:\/\/ecuadorpreguntas.com\/caces-odontologia\/wp-content\/uploads\/2024\/12\/histograma-resultados-caces-odontologia-octubre-2024-768x511.webp 768w, https:\/\/ecuadorpreguntas.com\/caces-odontologia\/wp-content\/uploads\/2024\/12\/histograma-resultados-caces-odontologia-octubre-2024-600x399.webp 600w\" sizes=\"auto, (max-width: 980px) 100vw, 980px\" \/><figcaption class=\"wp-element-caption\">Fuente: <a href=\"https:\/\/www.caces.gob.ec\" target=\"_blank\" rel=\"noreferrer noopener\">Consejo de Aseguramiento de la Calidad de la Educaci\u00f3n Superior<\/a><\/figcaption><\/figure>\n\n\n\n<h2 class=\"wp-block-heading\"><strong>Las universidades con los mejores resultados en el CACES de Odontolog\u00eda de Octubre 2024<\/strong><\/h2>\n\n\n\n<p>Estas son las universidades de Ecuador con la mejor tasa de aprobaci\u00f3n del CACES de Odontolog\u00eda en la segunda convocatoria de octubre de 2024:<\/p>\n\n\n\n<ol class=\"wp-block-list\">\n<li>Universidad San Francisco de Quito \u2013 100% de aprobaci\u00f3n<\/li>\n\n\n\n<li>Universidad UTE \u2013 98% de aprobaci\u00f3n<\/li>\n\n\n\n<li>Universidad Central del Ecuador \u2013 97,78% de aprobaci\u00f3n<\/li>\n\n\n\n<li>Universidad Internacional del Ecuador \u2013 97,37% de aprobaci\u00f3n<\/li>\n\n\n\n<li>Universidad Nacional de Loja \u2013 92,31% de aprobaci\u00f3n<\/li>\n\n\n\n<li>Universidad Nacional de Chimborazo \u2013 84,21% de aprobaci\u00f3n<\/li>\n<\/ol>\n","protected":false},"excerpt":{"rendered":"<p>C\u00f3mo fue tomado el examen CACES de Odontolog\u00eda del Octubre 2024 El examen CACES de [&hellip;]<\/p>\n","protected":false},"author":1,"featured_media":0,"parent":0,"menu_order":0,"comment_status":"closed","ping_status":"closed","template":"","meta":{"productId":0,"courseId":0,"footnotes":""},"class_list":["post-1806","page","type-page","status-publish","hentry"],"_links":{"self":[{"href":"https:\/\/ecuadorpreguntas.com\/caces-odontologia\/wp-json\/wp\/v2\/pages\/1806","targetHints":{"allow":["GET"]}}],"collection":[{"href":"https:\/\/ecuadorpreguntas.com\/caces-odontologia\/wp-json\/wp\/v2\/pages"}],"about":[{"href":"https:\/\/ecuadorpreguntas.com\/caces-odontologia\/wp-json\/wp\/v2\/types\/page"}],"author":[{"embeddable":true,"href":"https:\/\/ecuadorpreguntas.com\/caces-odontologia\/wp-json\/wp\/v2\/users\/1"}],"replies":[{"embeddable":true,"href":"https:\/\/ecuadorpreguntas.com\/caces-odontologia\/wp-json\/wp\/v2\/comments?post=1806"}],"version-history":[{"count":3,"href":"https:\/\/ecuadorpreguntas.com\/caces-odontologia\/wp-json\/wp\/v2\/pages\/1806\/revisions"}],"predecessor-version":[{"id":1814,"href":"https:\/\/ecuadorpreguntas.com\/caces-odontologia\/wp-json\/wp\/v2\/pages\/1806\/revisions\/1814"}],"wp:attachment":[{"href":"https:\/\/ecuadorpreguntas.com\/caces-odontologia\/wp-json\/wp\/v2\/media?parent=1806"}],"curies":[{"name":"wp","href":"https:\/\/api.w.org\/{rel}","templated":true}]}}