{"id":354,"date":"2024-07-18T21:22:11","date_gmt":"2024-07-18T21:22:11","guid":{"rendered":"https:\/\/ecuadorpreguntas.com\/?page_id=354"},"modified":"2024-09-04T02:41:35","modified_gmt":"2024-09-04T07:41:35","slug":"sobre-nosotros","status":"publish","type":"page","link":"https:\/\/ecuadorpreguntas.com\/caces-odontologia\/sobre-nosotros\/","title":{"rendered":"Sobre Nosotros"},"content":{"rendered":"\n<div class=\"wp-block-cover alignfull wp-duotone-unset-1\" style=\"min-height:351px;aspect-ratio:unset;\"><span aria-hidden=\"true\" class=\"wp-block-cover__background has-background-dim-70 has-background-dim wp-block-cover__gradient-background has-background-gradient\" style=\"background:linear-gradient(90deg,rgb(0,0,0) 0%,rgba(150,149,240,0) 100%)\"><\/span><img loading=\"lazy\" decoding=\"async\" width=\"1000\" height=\"563\" class=\"wp-block-cover__image-background wp-image-475\" alt=\"Sobre Nosotros la plataforma educativa para el examen CACES en Ecuador\" src=\"https:\/\/ecuadorpreguntas.com\/wp-content\/uploads\/2024\/07\/sobre-nosotros.webp\" style=\"object-position:59% 18%\" data-object-fit=\"cover\" data-object-position=\"59% 18%\" srcset=\"https:\/\/ecuadorpreguntas.com\/caces-odontologia\/wp-content\/uploads\/2024\/07\/sobre-nosotros.webp 1000w, https:\/\/ecuadorpreguntas.com\/caces-odontologia\/wp-content\/uploads\/2024\/07\/sobre-nosotros-300x169.webp 300w, https:\/\/ecuadorpreguntas.com\/caces-odontologia\/wp-content\/uploads\/2024\/07\/sobre-nosotros-768x432.webp 768w, https:\/\/ecuadorpreguntas.com\/caces-odontologia\/wp-content\/uploads\/2024\/07\/sobre-nosotros-600x338.webp 600w\" sizes=\"auto, (max-width: 1000px) 100vw, 1000px\" \/><div class=\"wp-block-cover__inner-container is-layout-flow wp-block-cover-is-layout-flow\">\n<div class=\"wp-block-group alignwide is-layout-constrained wp-container-core-group-is-layout-111b2e00 wp-block-group-is-layout-constrained\"><h1 class=\"has-text-align-center alignwide wp-block-post-title has-text-color has-white-color has-big-font-size\">Sobre Nosotros<\/h1><\/div>\n<\/div><\/div>\n\n\n\n<h2 class=\"wp-block-heading\">Nuestra Misi\u00f3n<\/h2>\n\n\n\n<p>EcuadorPreguntas est\u00e1 dedicado a crear la mejor plataforma educativa para la preparaci\u00f3n de estudiantes  y profesionales para el examen CACES. Queremos crear el contenido educativo de mayor calidad posible para mejorar el estudio de los estudiantes en Ecuador. Facilitamos el aprendizaje activo con preguntas de practica y explicaciones de las respuestas.<\/p>\n\n\n\n<h2 class=\"wp-block-heading\">Nuestra historia<\/h2>\n\n\n\n<p>La necesidad de crear EcuadorPreguntas naci\u00f3 al analizar las estad\u00edsticas sobre la gran cantidad de estudiantes de medicina del Ecuador que no aprueban el examen CACES. Al no aprobar el examen, los m\u00e9dicos no pueden obtener su certificado de habilitaci\u00f3n profesional y no pueden ejercer su profesi\u00f3n en el Ecuador. Es claro que la cantidad de estudiantes reprobados en el examen no es debido a sus habilitades, sino a una falta de contenido de estudio especializado para el examen CACES. Nosotros creamos la mejor plataforma educativa dedicada especialmente para el examen CACES con el objetivo de mejorar la tasa de aprobaci\u00f3n y de esta manera permitir que una mayor cantidad de m\u00e9dicos podr\u00e1n ejercer en el Ecuador. Actualmente contamos con una plataforma educativa con m\u00e1s de 3200 preguntas tomadas en los \u00faltimos 10 a\u00f1os en el examen, justificaciones de cada pregunta y algoritmos propietarios que permiten el an\u00e1lisis personalizado de los resultados de los usuarios.<\/p>\n\n\n\n<h2 class=\"wp-block-heading\">Nuestros Valores<\/h2>\n\n\n\n<h3 class=\"wp-block-heading\">Eficiencia<\/h3>\n\n\n\n<p>Estamos dedicados a mejorar la eficiencia de los estudios. As\u00ed los estudiantes de medicina del Ecuador podr\u00e1n aprender m\u00e1s en menos tiempo.<\/p>\n\n\n\n<h3 class=\"wp-block-heading\">Calidad<\/h3>\n\n\n\n<p>Creamos la plataforma educativa de mayor calidad en el mercado ecuatoriano. Introducimos est\u00e1ndares internacionales para la preparaci\u00f3n de examen de alto impacto.<\/p>\n\n\n\n<h3 class=\"wp-block-heading\">Excelencia<\/h3>\n\n\n\n<p>Tomamos nuestro trabajo en serio para crear un servicio de excelencia para estudiantes de medicina que quieren obtener resultados excelentes en el examen CACES.<\/p>\n\n\n\n<h3 class=\"wp-block-heading\">Compromiso<\/h3>\n\n\n\n<p>Estamos comprometidos a mejorar continuamente la plataforma educativa EcuadorPreguntas y desarrollar nuevos m\u00e9todos que pueden facilitar la preparaci\u00f3n para el examen CACES.<\/p>\n\n\n\n<h2 class=\"wp-block-heading\">Cont\u00e1ctate con nosotros<\/h2>\n\n\n\n<p>\u00bfEstas interesado en lo que hacemos? Puedes contactarte con nosotros a trav\u00e9s de nuestra p\u00e1gina de contacto:<\/p>\n\n\n\n<div class=\"wp-block-buttons is-content-justification-center is-layout-flex wp-container-core-buttons-is-layout-a89b3969 wp-block-buttons-is-layout-flex\">\n<div class=\"wp-block-button\"><a class=\"wp-block-button__link wp-element-button\" href=\"https:\/\/ecuadorpreguntas.com\/caces-odontologia\/contacto\/\">Contacto<\/a><\/div>\n<\/div>\n\n\n\n<p><\/p>\n\n\n\n<p><\/p>\n","protected":false},"excerpt":{"rendered":"<p>Nuestra Misi\u00f3n EcuadorPreguntas est\u00e1 dedicado a crear la mejor plataforma educativa para la preparaci\u00f3n de [&hellip;]<\/p>\n","protected":false},"author":1,"featured_media":0,"parent":0,"menu_order":0,"comment_status":"closed","ping_status":"closed","template":"","meta":{"productId":0,"courseId":0,"footnotes":""},"class_list":["post-354","page","type-page","status-publish","hentry"],"_links":{"self":[{"href":"https:\/\/ecuadorpreguntas.com\/caces-odontologia\/wp-json\/wp\/v2\/pages\/354","targetHints":{"allow":["GET"]}}],"collection":[{"href":"https:\/\/ecuadorpreguntas.com\/caces-odontologia\/wp-json\/wp\/v2\/pages"}],"about":[{"href":"https:\/\/ecuadorpreguntas.com\/caces-odontologia\/wp-json\/wp\/v2\/types\/page"}],"author":[{"embeddable":true,"href":"https:\/\/ecuadorpreguntas.com\/caces-odontologia\/wp-json\/wp\/v2\/users\/1"}],"replies":[{"embeddable":true,"href":"https:\/\/ecuadorpreguntas.com\/caces-odontologia\/wp-json\/wp\/v2\/comments?post=354"}],"version-history":[{"count":6,"href":"https:\/\/ecuadorpreguntas.com\/caces-odontologia\/wp-json\/wp\/v2\/pages\/354\/revisions"}],"predecessor-version":[{"id":1404,"href":"https:\/\/ecuadorpreguntas.com\/caces-odontologia\/wp-json\/wp\/v2\/pages\/354\/revisions\/1404"}],"wp:attachment":[{"href":"https:\/\/ecuadorpreguntas.com\/caces-odontologia\/wp-json\/wp\/v2\/media?parent=354"}],"curies":[{"name":"wp","href":"https:\/\/api.w.org\/{rel}","templated":true}]}}