{"id":104,"date":"2024-07-13T18:03:29","date_gmt":"2024-07-13T18:03:29","guid":{"rendered":"https:\/\/ecuadorpreguntas.com\/?page_id=104"},"modified":"2024-08-27T01:28:30","modified_gmt":"2024-08-27T06:28:30","slug":"caces-enfermeria","status":"publish","type":"page","link":"https:\/\/ecuadorpreguntas.com\/enfermeria\/caces-enfermeria\/","title":{"rendered":"El Examen CACES de Enfermer\u00eda"},"content":{"rendered":"\n<div class=\"wp-block-cover alignfull wp-duotone-unset-1\" style=\"min-height:351px;aspect-ratio:unset;\"><span aria-hidden=\"true\" class=\"wp-block-cover__background has-background-dim-70 has-background-dim wp-block-cover__gradient-background has-background-gradient\" style=\"background:linear-gradient(90deg,rgb(0,0,0) 0%,rgba(150,149,240,0) 100%)\"><\/span><img loading=\"lazy\" decoding=\"async\" width=\"1000\" height=\"667\" class=\"wp-block-cover__image-background wp-image-1067\" alt=\"Enfermera aprobada por CACES ejerciendo\" src=\"https:\/\/ecuadorpreguntas.com\/wordpress\/wp-content\/uploads\/2024\/08\/Enfermera-aprobada-por-CACES.webp\" style=\"object-position:52% 76%\" data-object-fit=\"cover\" data-object-position=\"52% 76%\" srcset=\"https:\/\/ecuadorpreguntas.com\/enfermeria\/wp-content\/uploads\/2024\/08\/Enfermera-aprobada-por-CACES.webp 1000w, https:\/\/ecuadorpreguntas.com\/enfermeria\/wp-content\/uploads\/2024\/08\/Enfermera-aprobada-por-CACES-300x200.webp 300w, https:\/\/ecuadorpreguntas.com\/enfermeria\/wp-content\/uploads\/2024\/08\/Enfermera-aprobada-por-CACES-768x512.webp 768w, https:\/\/ecuadorpreguntas.com\/enfermeria\/wp-content\/uploads\/2024\/08\/Enfermera-aprobada-por-CACES-600x400.webp 600w\" sizes=\"auto, (max-width: 1000px) 100vw, 1000px\" \/><div class=\"wp-block-cover__inner-container is-layout-flow wp-block-cover-is-layout-flow\">\n<div class=\"wp-block-group alignwide is-layout-constrained wp-container-core-group-is-layout-111b2e00 wp-block-group-is-layout-constrained\"><h1 class=\"has-text-align-center alignwide wp-block-post-title has-text-color has-white-color has-big-font-size\">El Examen CACES de Enfermer\u00eda<\/h1><\/div>\n<\/div><\/div>\n\n\n\n<h2 class=\"wp-block-heading\">\u00bfPor qu\u00e9 se toma el Examen CACES de Enfermer\u00eda en Ecuador?<\/h2>\n\n\n\n<p>La instituci\u00f3n estatal encargada de la regulaci\u00f3n de la calidad de los estudios de enfermer\u00eda en Ecuador es el Consejo de Aseguramiento de la Calidad de la Educaci\u00f3n Superior (CACES). La normativa legal que rige este examen se encuentra en la Ley Org\u00e1nica Reformatoria a la Ley Org\u00e1nica de Educaci\u00f3n Superior. En el art\u00edculo 104 de esta ley est\u00e1 establecido que el profesional de enfermer\u00eda debe aprobar el examen de habilitaci\u00f3n para obtener la habilitaci\u00f3n profesional y poder ejercer su profesi\u00f3n de manera legal.<\/p>\n\n\n\n<h2 class=\"wp-block-heading\">\u00bfCu\u00e1les son los beneficios de aprobar el Examen CACES de Enfermer\u00eda?<\/h2>\n\n\n\n<p>Una vez que los profesionales de enfermer\u00eda concluyen sus estudios universitarios, pueden inscribirse para rendir el Examen CACES. Este examen es crucial, ya que, al aprobarlo, los enfermeros obtienen su habilitaci\u00f3n profesional. Esta habilitaci\u00f3n profesional es un requisito obligatorio para ejercer la profesi\u00f3n. Esto significa, que al no aprobar el examen CACES, los enfermeros no pueden ejercer su profesi\u00f3n de ninguna manera, hasta inscribirse de nuevo al examen y aprobarlo. Esta prohibici\u00f3n de ejercer la profesi\u00f3n aplica tanto para trabajo p\u00fablico como privado.<\/p>\n\n\n\n<h2 class=\"wp-block-heading\">\u00bfEs necesario aprobar el examen CACES para iniciar el a\u00f1o de salud rural de Enfermer\u00eda?<\/h2>\n\n\n\n<p>Si, el certificado de habilitaci\u00f3n emitido por el Consejo de Aseguramiento de la Calidad de la Educaci\u00f3n Superior es uno de los requisitos necesarios para inscribirse en el a\u00f1o de salud rural de Enfermer\u00eda. Sin este certificado, el profesional de enfermer\u00eda no puede postularse ni escoger una plaza para el a\u00f1o de salud rural de enfermer\u00eda. Al no cumplir el a\u00f1o de salud rural, los profesionales no pueden avanzar en la vida profesional.<\/p>\n\n\n\n<h2 class=\"wp-block-heading\">\u00bfCu\u00e1les son los temas del examen CACES de enfermer\u00eda?<\/h2>\n\n\n\n<p>El Consejo de Aseguramiento de la Calidad de la Educaci\u00f3n Superior ha establecido que el examen CACES es un examen de alto impacto dise\u00f1ado para evaluar los conocimientos te\u00f3ricos de los profesionales de enfermer\u00eda. Es un examen exclusivamente te\u00f3rico sin parte pr\u00e1ctica. Los componentes del examen CACES de Enfermer\u00eda son los siguientes:<\/p>\n\n\n\n<ul class=\"wp-block-list\">\n<li>Fundamentos del cuidado enfermero;<\/li>\n\n\n\n<li>Cuidados de la mujer, reci\u00e9n nacido, ni\u00f1o y adolescente;<\/li>\n\n\n\n<li>Cuidados del adulto y adulto mayor;<\/li>\n\n\n\n<li>Cuidado familiar, comunitario e intercultural;<\/li>\n\n\n\n<li>Bases educativas, administrativas, investigativas y epidemiol\u00f3gicas del cuidado enfermero.<\/li>\n<\/ul>\n\n\n\n<p>Como se puede ver, existen cinco grandes temas establecidos para el examen CACES de Enfermer\u00eda. En nuestra plataforma educativa aplicamos los mismos componentes para la organizaci\u00f3n de las preguntas. De esta manera puedes estudiar de manera alineada con el formato del examen CACES.<\/p>\n\n\n\n<h2 class=\"wp-block-heading\">\u00bfCu\u00e1ntas veces puedo intentar el examen CACES de enfermer\u00eda?<\/h2>\n\n\n\n<p>Actualmente, no existe un l\u00edmite en la cantidad de veces que se puede intentar el examen CACES de Enfermer\u00eda. Sin embargo, es importante aprobarlo lo antes posible para poder ejercer la profesi\u00f3n y avanzar en tu vida profesional. Aquellos que no logran aprobar el examen despu\u00e9s de varios intentos enfrentan largos periodos de espera, que pueden extenderse durante a\u00f1os. Esto se debe a que el examen CACES de Enfermer\u00eda se administra \u00fanicamente dos veces al a\u00f1o. Durante este tiempo de espera, los enfermeros no pueden ejercer su profesi\u00f3n.<\/p>\n\n\n\n<h2 class=\"wp-block-heading\">\u00bfCu\u00e1l es el mejor m\u00e9todo para estudiar para el examen CACES de enfermer\u00eda?<\/h2>\n\n\n\n<p>EcuadorPreguntas es la plataforma educativa m\u00e1s avanzada de Ecuador, especialmente dise\u00f1ada para prepararte para el examen CACES. En nuestra plataforma, tienes acceso a m\u00e1s de 3,300 preguntas que han sido parte del examen CACES de Enfermer\u00eda en los \u00faltimos 10 a\u00f1os, todas con explicaciones detalladas para cada respuesta. Puedes crear simuladores personalizados aplicando ajustes personalizados, lo que te permite estudiar de la manera que mejor se adapte a ti. Con este enfoque, podr\u00e1s aplicar el aprendizaje activo en tus estudios y prepararte de la forma m\u00e1s efectiva para el examen CACES de Enfermer\u00eda.<\/p>\n","protected":false},"excerpt":{"rendered":"<p>\u00bfPor qu\u00e9 se toma el Examen CACES de Enfermer\u00eda en Ecuador? La instituci\u00f3n estatal encargada [&hellip;]<\/p>\n","protected":false},"author":1,"featured_media":0,"parent":0,"menu_order":0,"comment_status":"closed","ping_status":"closed","template":"","meta":{"productId":0,"courseId":0,"footnotes":""},"class_list":["post-104","page","type-page","status-publish","hentry"],"_links":{"self":[{"href":"https:\/\/ecuadorpreguntas.com\/enfermeria\/wp-json\/wp\/v2\/pages\/104","targetHints":{"allow":["GET"]}}],"collection":[{"href":"https:\/\/ecuadorpreguntas.com\/enfermeria\/wp-json\/wp\/v2\/pages"}],"about":[{"href":"https:\/\/ecuadorpreguntas.com\/enfermeria\/wp-json\/wp\/v2\/types\/page"}],"author":[{"embeddable":true,"href":"https:\/\/ecuadorpreguntas.com\/enfermeria\/wp-json\/wp\/v2\/users\/1"}],"replies":[{"embeddable":true,"href":"https:\/\/ecuadorpreguntas.com\/enfermeria\/wp-json\/wp\/v2\/comments?post=104"}],"version-history":[{"count":8,"href":"https:\/\/ecuadorpreguntas.com\/enfermeria\/wp-json\/wp\/v2\/pages\/104\/revisions"}],"predecessor-version":[{"id":1255,"href":"https:\/\/ecuadorpreguntas.com\/enfermeria\/wp-json\/wp\/v2\/pages\/104\/revisions\/1255"}],"wp:attachment":[{"href":"https:\/\/ecuadorpreguntas.com\/enfermeria\/wp-json\/wp\/v2\/media?parent=104"}],"curies":[{"name":"wp","href":"https:\/\/api.w.org\/{rel}","templated":true}]}}