{"id":109,"date":"2024-07-13T18:41:14","date_gmt":"2024-07-13T18:41:14","guid":{"rendered":"https:\/\/ecuadorpreguntas.com\/?page_id=109"},"modified":"2025-11-22T17:17:44","modified_gmt":"2025-11-22T22:17:44","slug":"contacto","status":"publish","type":"page","link":"https:\/\/ecuadorpreguntas.com\/enfermeria\/contacto\/","title":{"rendered":"Contacto Enfermer\u00eda"},"content":{"rendered":"\n<h1 class=\"wp-block-heading has-text-align-center\">Contacto Enfermer\u00eda<\/h1>\n\n\n\n<p>Si tienes alguna pregunta sobre nuestra plataforma educativa puedes contactarte con nosotros. Responderemos lo m\u00e1s pronto posible. Para una atenci\u00f3n m\u00e1s r\u00e1pida, le invitamos a contactar a nuestro equipo de soporte a trav\u00e9s de nuestras redes sociales oficiales: Facebook, Instagram o TikTok.<br><\/p>\n\n\n\n<div class=\"wpcf7 no-js\" id=\"wpcf7-f108-o1\" lang=\"en-US\" dir=\"ltr\" data-wpcf7-id=\"108\">\n<div class=\"screen-reader-response\"><p role=\"status\" aria-live=\"polite\" aria-atomic=\"true\"><\/p> <ul><\/ul><\/div>\n<form action=\"\/enfermeria\/wp-json\/wp\/v2\/pages\/109#wpcf7-f108-o1\" method=\"post\" class=\"wpcf7-form init\" aria-label=\"Contact form\" novalidate=\"novalidate\" data-status=\"init\">\n<fieldset class=\"hidden-fields-container\"><input type=\"hidden\" name=\"_wpcf7\" value=\"108\" \/><input type=\"hidden\" name=\"_wpcf7_version\" value=\"6.1.5\" \/><input type=\"hidden\" name=\"_wpcf7_locale\" value=\"en_US\" \/><input type=\"hidden\" name=\"_wpcf7_unit_tag\" value=\"wpcf7-f108-o1\" \/><input type=\"hidden\" name=\"_wpcf7_container_post\" value=\"0\" \/><input type=\"hidden\" name=\"_wpcf7_posted_data_hash\" value=\"\" \/>\n<\/fieldset>\n<div class=\"modern-cf-group\">\n\t<p><label class=\"modern-cf-label\" for=\"your-name\">Nombre completo<\/label><br \/>\n<span class=\"wpcf7-form-control-wrap\" data-name=\"your-name\"><input size=\"40\" maxlength=\"400\" class=\"wpcf7-form-control wpcf7-text wpcf7-validates-as-required modern-cf-input\" id=\"your-name\" autocomplete=\"name\" aria-required=\"true\" aria-invalid=\"false\" value=\"\" type=\"text\" name=\"your-name\" \/><\/span>\n\t<\/p>\n<\/div>\n<div class=\"modern-cf-group\">\n\t<p><label class=\"modern-cf-label\" for=\"your-email\">Correo electr\u00f3nico<\/label><br \/>\n<span class=\"wpcf7-form-control-wrap\" data-name=\"your-email\"><input size=\"40\" maxlength=\"400\" class=\"wpcf7-form-control wpcf7-email wpcf7-validates-as-required wpcf7-text wpcf7-validates-as-email modern-cf-input\" id=\"your-email\" autocomplete=\"email\" aria-required=\"true\" aria-invalid=\"false\" value=\"\" type=\"email\" name=\"your-email\" \/><\/span>\n\t<\/p>\n<\/div>\n<div class=\"modern-cf-group\">\n\t<p><label class=\"modern-cf-label\" for=\"your-subject\">Asunto<\/label><br \/>\n<span class=\"wpcf7-form-control-wrap\" data-name=\"your-subject\"><select class=\"wpcf7-form-control wpcf7-select wpcf7-validates-as-required modern-cf-select\" id=\"your-subject\" aria-required=\"true\" aria-invalid=\"false\" name=\"your-subject\"><option value=\"Ventas\/Facturaci\u00f3n\">Ventas\/Facturaci\u00f3n<\/option><option value=\"Soporte t\u00e9cnico\">Soporte t\u00e9cnico<\/option><option value=\"Relaciones con los medios\">Relaciones con los medios<\/option><\/select><\/span>\n\t<\/p>\n<\/div>\n<div class=\"modern-cf-group\">\n\t<p><label class=\"modern-cf-label\" for=\"your-message\">Mensaje<\/label><br \/>\n<span class=\"wpcf7-form-control-wrap\" data-name=\"your-message\"><textarea cols=\"40\" rows=\"10\" maxlength=\"2000\" class=\"wpcf7-form-control wpcf7-textarea wpcf7-validates-as-required modern-cf-textarea\" id=\"your-message\" aria-required=\"true\" aria-invalid=\"false\" name=\"your-message\"><\/textarea><\/span>\n\t<\/p>\n<\/div>\n<p><div id=\"cf7sr-6a071b6806c96\" class=\"cf7sr-g-recaptcha\" data-theme=\"light\" data-type=\"image\" data-size=\"normal\" data-sitekey=\"6LdHzhkrAAAAAH9dP8oXVZM5gqv5ArBOBQUwRCZz\"><\/div><span class=\"wpcf7-form-control-wrap cf7sr-recaptcha\" data-name=\"cf7sr-recaptcha\"><input type=\"hidden\" name=\"cf7sr-recaptcha\" value=\"\" class=\"wpcf7-form-control\"><\/span>\n<\/p>\n<div class=\"modern-cf-submit-group\">\n\t<p><input class=\"wpcf7-form-control wpcf7-submit has-spinner modern-cf-submit\" type=\"submit\" value=\"Enviar\" \/>\n\t<\/p>\n<\/div>\n<style>\n.modern-cf-group {\n display: flex;\n flex-direction: column;\n}\n\n.modern-cf-label {\n font-weight: 600;\n margin-bottom: 8px;\n color: #374151; \/* Dark gray *\/\n font-size: 0.95rem;\n font-family: inherit;\n}\n\n.modern-cf-input,\n.modern-cf-select,\n.modern-cf-textarea {\n width: 100%;\n padding: 12px 16px;\n border: 1px solid #d1d5db; \/* Light gray border *\/\n border-radius: 8px; \/* Smooth rounded corners *\/\n background-color: #f9fafb;\n font-size: 1rem;\n color: #111827;\n font-family: inherit;\n box-sizing: border-box; \/* Prevents overflow *\/\n transition: border-color 0.2s ease, box-shadow 0.2s ease, background-color 0.2s ease;\n}\n\n.modern-cf-select {\n appearance: auto;\n cursor: pointer;\n}\n\n.modern-cf-textarea {\n min-height: 150px;\n resize: none; \/* Matches the 'no-resize' tag in your CF7 code *\/\n}\n\n.modern-cf-group p {\n margin-top: 0;\n}\n\n.modern-cf-input:focus,\n.modern-cf-select:focus,\n.modern-cf-textarea:focus {\n outline: none;\n background-color: #ffffff;\n border-color: #3b82f6; \/* Modern blue accent *\/\n box-shadow: 0 0 0 4px rgba(59, 130, 246, 0.15); \/* Soft blue glow *\/\n}\n\n.modern-cf-submit-group {\n margin-top: 32px;\n}\n\n.modern-cf-submit {\n background-color: #2563eb; \/* Primary blue *\/\n color: #ffffff;\n padding: 14px 28px;\n border: none;\n border-radius: 8px;\n font-size: 1rem;\n font-weight: 600;\n cursor: pointer;\n transition: background-color 0.2s ease, transform 0.1s ease;\n width: 100%; \/* Full width on mobile *\/\n font-family: inherit;\n}\n\n.modern-cf-submit:hover {\n background-color: #1d4ed8; \/* Slightly darker blue on hover *\/\n}\n\n.modern-cf-submit:active {\n transform: scale(0.98); \/* Slight \"press down\" effect *\/\n}\n#your-email {\n border: 1px solid #ccc;\n}\n#your-name {\n border: 1px solid #ccc;\n}\n@media (min-width: 768px) {\n .modern-cf-submit {\n width: auto; \/* Button shrinks to text size on larger screens *\/\n min-width: 200px;\n }\n}\n<\/style><div class=\"wpcf7-response-output\" aria-hidden=\"true\"><\/div>\n<\/form>\n<\/div>\n\n","protected":false},"excerpt":{"rendered":"<p>Contacto Enfermer\u00eda Si tienes alguna pregunta sobre nuestra plataforma educativa puedes contactarte con nosotros. Responderemos [&hellip;]<\/p>\n","protected":false},"author":1,"featured_media":0,"parent":0,"menu_order":0,"comment_status":"closed","ping_status":"closed","template":"","meta":{"productId":0,"courseId":0,"footnotes":""},"class_list":["post-109","page","type-page","status-publish","hentry"],"_links":{"self":[{"href":"https:\/\/ecuadorpreguntas.com\/enfermeria\/wp-json\/wp\/v2\/pages\/109","targetHints":{"allow":["GET"]}}],"collection":[{"href":"https:\/\/ecuadorpreguntas.com\/enfermeria\/wp-json\/wp\/v2\/pages"}],"about":[{"href":"https:\/\/ecuadorpreguntas.com\/enfermeria\/wp-json\/wp\/v2\/types\/page"}],"author":[{"embeddable":true,"href":"https:\/\/ecuadorpreguntas.com\/enfermeria\/wp-json\/wp\/v2\/users\/1"}],"replies":[{"embeddable":true,"href":"https:\/\/ecuadorpreguntas.com\/enfermeria\/wp-json\/wp\/v2\/comments?post=109"}],"version-history":[{"count":6,"href":"https:\/\/ecuadorpreguntas.com\/enfermeria\/wp-json\/wp\/v2\/pages\/109\/revisions"}],"predecessor-version":[{"id":5106,"href":"https:\/\/ecuadorpreguntas.com\/enfermeria\/wp-json\/wp\/v2\/pages\/109\/revisions\/5106"}],"wp:attachment":[{"href":"https:\/\/ecuadorpreguntas.com\/enfermeria\/wp-json\/wp\/v2\/media?parent=109"}],"curies":[{"name":"wp","href":"https:\/\/api.w.org\/{rel}","templated":true}]}}