{"id":345,"date":"2024-07-18T18:50:11","date_gmt":"2024-07-18T18:50:11","guid":{"rendered":"https:\/\/ecuadorpreguntas.com\/?page_id=345"},"modified":"2026-02-19T19:22:51","modified_gmt":"2026-02-20T00:22:51","slug":"terminos-de-servicio","status":"publish","type":"page","link":"https:\/\/ecuadorpreguntas.com\/enfermeria\/terminos-de-servicio\/","title":{"rendered":"T\u00e9rminos de Servicio"},"content":{"rendered":"\n<h1 class=\"wp-block-heading has-text-align-center\">T\u00e9rminos de Servicio<\/h1>\n\n\n\n<h2 class=\"wp-block-heading\">Reglas de uso para la plataforma educativa.<\/h2>\n\n\n\n<p>La cuenta para acceder a la plataforma educativa es individual. Esto significa, que es expl\u00edcitamente prohibido compartir la cuenta con otras personas. En el caso de que un usuario permite de cualquier manera el acceso de otras personas a la plataforma educativa a trav\u00e9s de su cuenta individual, EcuadorPreguntas tiene el derecho de limitar el acceso a la plataforma educativa o eliminar la cuenta.<\/p>\n\n\n\n<p>EcuadorPreguntas reserva el derecho de limitar el acceso a la plataforma educativa o eliminar la cuenta si sospecha que el usuario est\u00e1 usando la plataforma de manera ilicita o de manera no indicada por EcuadorPreguntas.<\/p>\n\n\n\n<h2 class=\"wp-block-heading\">Derechos de autor de EcuadorPreguntas<\/h2>\n\n\n\n<p>Este sitio web es propiedad y es operado por Educational Digital Services LLC, organizada bajo las leyes del Estado de Nuevo M\u00e9xico, Estados Unidos.<\/p>\n\n\n\n<p>El contenido de la p\u00e1gina web y plataforma educativa son derechos de autor de EcuadorPreguntas. Copiar, imprimir, repartir, compartir o reproducir de cualquier manera el contenido de la plataforma educativa es estrictamente prohibido. EcuadorPreguntas tiene el derecho de limitar el acceso a la plataforma educativa o eliminar la cuenta si el usuario copia, imprime, reparte, comparte o reproduce de cualquier manera el contenido de la plataforma educativa.<\/p>\n\n\n\n<h2 class=\"wp-block-heading\">Propiedad de la Tecnolog\u00eda<\/h2>\n\n\n\n<p>Ecuadorpreguntas.com se reserva todos los derechos (incluidos todos los derechos de autor y todos los derechos de propiedad intelectual) de toda la informaci\u00f3n y tecnolog\u00eda utilizada por Ecuadorpreguntas.com o proporcionada al usuario en relaci\u00f3n con los Servicios, incluyendo cualquier software junto con mejoras, expansiones o modificaciones (\u00abTecnolog\u00eda\u00bb). La Tecnolog\u00eda est\u00e1 protegida por derechos de autor y derechos de propiedad intelectual que pertenecen a Ecuadorpreguntas.com o que han sido licenciados por Ecuadorpreguntas.com, o que otorgan a Ecuadorpreguntas.com el derecho de usar la Tecnolog\u00eda. Ecuadorpreguntas.com se reserva todos los derechos (incluidos todos los derechos de autor y derechos de propiedad intelectual) sobre la Tecnolog\u00eda y cualquier derecho de propiedad intelectual relacionado, as\u00ed como sobre cualquier c\u00f3digo fuente (incluyendo todas las actualizaciones, modificaciones, mejoras, expansiones, adaptaciones a ellos y cualquier otro trabajo derivado creado por Ecuadorpreguntas.com), adem\u00e1s de todos los derechos de autor mundiales, derechos sobre secretos comerciales, derechos de patentes, derechos de marcas comerciales y otros derechos de propiedad intelectual y derechos de propiedad (incluyendo solicitudes y registros).<\/p>\n\n\n\n<h2 class=\"wp-block-heading\">Uso del contenido educativo de la plataforma educativa EcuadorPreguntas.com<\/h2>\n\n\n\n<p>El contenido de la plataforma educativa EcuadorPreguntas debe ser utilizado exclusivamente para la preparaci\u00f3n para el examen CACES en el Ecuador. De ninguna manera se debe interpretar la informaci\u00f3n contenida en la plataforma educativa EcuadorPreguntas como informaci\u00f3n m\u00e9dica, consejos m\u00e9dicos o gu\u00edas del manejo m\u00e9dico o tratamiento m\u00e9dico. Se proh\u00edbe estrictamente utilizar o basarse en la informaci\u00f3n contenida en la plataforma educativa EcuadorPreguntas para el diagnostico o tratamiento de pacientes reales.<\/p>\n\n\n\n<p>La fuente de las preguntas presentes en el Simulador son preguntas del Consejo de Aseguramiento de la Calidad de la Educaci\u00f3n Superior (CACES) del dominio p\u00fablico o creadas por EcuadorPreguntas.com.<\/p>\n\n\n\n<p>Al adquirir un acceso en EcuadorPreguntas el usuario obtiene una licencia limitada e intransferible para utilizar las explicaciones, tablas e im\u00e1genes de propiedad intelectual de EcuadorPreguntas.com exclusivamente para su uso personal en la preparaci\u00f3n para el Examen EHEP. Al realizar la compra el usuario no adquiere ning\u00fan derecho sobre las preguntas del Consejo de Aseguramiento de la Calidad de la Educaci\u00f3n Superior (CACES). El acceso a dichas preguntas se proporciona \u00fanicamente con fines educativos y no comerciales.<\/p>\n\n\n\n<p>Todas las explicaciones, tablas e im\u00e1genes utilizadas en el Simulador son creadas por EcuadorPreguntas.com y son propiedad intelectual exclusiva de EcuadorPreguntas.com. Queda estrictamente prohibida su reproducci\u00f3n, distribuci\u00f3n, modificaci\u00f3n, comunicaci\u00f3n p\u00fablica o cualquier otro acto que infrinja los derechos de autor sin la previa autorizaci\u00f3n por escrito de EcuadorPreguntas.com.<\/p>\n\n\n\n<h2 class=\"wp-block-heading\">Informaci\u00f3n de identificaci\u00f3n personal<\/h2>\n\n\n\n<p>Podemos recopilar informaci\u00f3n de identificaci\u00f3n personal de los Usuarios de diversas maneras, incluyendo, pero no limit\u00e1ndose a, cuando los Usuarios visitan nuestro sitio, se registran en el sitio, realizan un pedido, llenan un formulario, responden a una encuesta, se suscriben al bolet\u00edn informativo y en relaci\u00f3n con otras actividades, servicios, funciones o recursos que ponemos a disposici\u00f3n en nuestro Sitio. Para realizar el pago del servicio se puede pedir al usuario, seg\u00fan corresponda, nombre, direcci\u00f3n de correo electr\u00f3nico, n\u00famero de tel\u00e9fono, informaci\u00f3n de tarjeta de cr\u00e9dito. No almacenemos informaci\u00f3n de tarjeta de cr\u00e9dito.<\/p>\n\n\n\n<p>Recopilaremos informaci\u00f3n de identificaci\u00f3n personal de los Usuarios solo si ellos voluntariamente nos env\u00edan dicha informaci\u00f3n. Los Usuarios siempre pueden negarse a proporcionar informaci\u00f3n de identificaci\u00f3n personal, excepto que esto puede impedirles participar en ciertas actividades relacionadas con el Sitio.<\/p>\n\n\n\n<h2 class=\"wp-block-heading\">Informaci\u00f3n de identificaci\u00f3n no personal<\/h2>\n\n\n\n<p>Podemos recopilar informaci\u00f3n de identificaci\u00f3n no personal sobre los Usuarios cada vez que interact\u00faan con nuestro Sitio. La informaci\u00f3n de identificaci\u00f3n no personal puede incluir el nombre del navegador, el tipo de computadora e informaci\u00f3n t\u00e9cnica sobre los medios de conexi\u00f3n de los Usuarios a nuestro Sitio, como el sistema operativo y los proveedores de servicios de Internet utilizados y otra informaci\u00f3n similar.<\/p>\n\n\n\n<h2 class=\"wp-block-heading\">Cookies del navegador web<\/h2>\n\n\n\n<p>Nuestro Sitio puede utilizar \u00abcookies\u00bb para mejorar la experiencia del Usuario. El navegador web del Usuario coloca cookies en su disco duro para fines de registro y, a veces, para rastrear informaci\u00f3n sobre ellos. El Usuario puede optar por configurar su navegador web para rechazar cookies, o para alertar cuando se est\u00e1n enviando cookies. Si lo hacen, tenga en cuenta que algunas partes del Sitio pueden no funcionar correctamente.<\/p>\n\n\n\n<h2 class=\"wp-block-heading\">C\u00f3mo utilizamos la informaci\u00f3n recopilada<\/h2>\n\n\n\n<p>EcuadorPreguntas recopila y utiliza la informaci\u00f3n personal de los Usuarios para los siguientes prop\u00f3sitos:<\/p>\n\n\n\n<h3 class=\"wp-block-heading\">Para mejorar el servicio al cliente<\/h3>\n\n\n\n<p>Su informaci\u00f3n nos ayuda a responder de manera m\u00e1s efectiva a sus solicitudes de servicio al cliente y a sus necesidades de soporte.<\/p>\n\n\n\n<h3 class=\"wp-block-heading\">Para personalizar la experiencia del usuario<\/h3>\n\n\n\n<p>Podemos utilizar la informaci\u00f3n de manera agregada para comprender c\u00f3mo nuestros Usuarios como grupo utilizan los servicios y recursos proporcionados en nuestro Sitio.<\/p>\n\n\n\n<h3 class=\"wp-block-heading\">Para mejorar nuestro servicio<\/h3>\n\n\n\n<p>Nos esforzamos continuamente por mejorar nuestras ofertas de sitio web bas\u00e1ndonos en la informaci\u00f3n y comentarios que recibimos de usted.<\/p>\n\n\n\n<h3 class=\"wp-block-heading\">Para procesar transacciones<\/h3>\n\n\n\n<p>Podemos utilizar la informaci\u00f3n que los Usuarios proporcionan sobre s\u00ed mismos al realizar un pedido solo para proporcionar servicio a ese pedido. No compartimos esta informaci\u00f3n con terceros, excepto en la medida necesaria para proporcionar el servicio.<\/p>\n\n\n\n<h3 class=\"wp-block-heading\">Para administrar un contenido, promoci\u00f3n, encuesta u otra funci\u00f3n del Sitio<\/h3>\n\n\n\n<p>Para enviar a los Usuarios informaci\u00f3n que acordaron recibir sobre temas que creemos ser\u00e1n de inter\u00e9s para ellos.<\/p>\n\n\n\n<h3 class=\"wp-block-heading\">Para enviar correos electr\u00f3nicos peri\u00f3dicos<\/h3>\n\n\n\n<p>La direcci\u00f3n de correo electr\u00f3nico que los Usuarios proporcionan para el procesamiento de pedidos se utilizar\u00e1 para enviarles informaci\u00f3n y actualizaciones relacionadas con su pedido. Tambi\u00e9n puede ser utilizada para responder a sus consultas, enviar informaci\u00f3n importante sobre el servicio y\/u otras solicitudes o preguntas. Si el Usuario decide optar por nuestra lista de correo, recibir\u00e1 correos electr\u00f3nicos que pueden incluir noticias de la compa\u00f1\u00eda, actualizaciones, informaci\u00f3n relacionada con productos o servicios, etc. Si en alg\u00fan momento el Usuario desea darse de baja para no recibir futuros correos electr\u00f3nicos el Usuario puede contactarnos a trav\u00e9s de nuestro Sitio.<\/p>\n\n\n\n<h2 class=\"wp-block-heading\">Solicitud de borrar informaci\u00f3n recopilada<\/h2>\n\n\n\n<p>Si desea borrar la informaci\u00f3n recopilada sobre su cuenta, debe enviar un correo por la funci\u00f3n de \u201ccontacto\u201d indicando sus nombres, apellidos, usuario y que informaci\u00f3n desee que sea borrada. De esta manera tambi\u00e9n puede ser borrada la informaci\u00f3n utilizada por los botones de iniciar sesi\u00f3n de las redes sociales.<\/p>\n\n\n\n<h2 class=\"wp-block-heading\">C\u00f3mo protegemos tu informaci\u00f3n<\/h2>\n\n\n\n<p>Adoptamos pr\u00e1cticas adecuadas de recopilaci\u00f3n, almacenamiento y procesamiento de datos y medidas de seguridad para proteger contra el acceso no autorizado, alteraci\u00f3n, divulgaci\u00f3n o destrucci\u00f3n de su informaci\u00f3n personal, nombre de usuario, contrase\u00f1a, informaci\u00f3n de transacciones y datos almacenados en nuestro Sitio.<\/p>\n\n\n\n<p>El intercambio de datos sensibles y privados entre el Sitio y sus Usuarios ocurre a trav\u00e9s de un canal de comunicaci\u00f3n seguro SSL y est\u00e1 encriptado y protegido con firmas digitales. Nuestro Sitio tambi\u00e9n cumple con los est\u00e1ndares de vulnerabilidad PCI para crear un entorno lo m\u00e1s seguro posible para los Usuarios.<\/p>\n\n\n\n<h2 class=\"wp-block-heading\">Sitios web de terceros<\/h2>\n\n\n\n<p>Los Usuarios pueden encontrar publicidad u otro contenido en nuestro Sitio que enlace a los sitios y servicios de nuestros socios, proveedores, anunciantes, patrocinadores, licenciantes y otros terceros. No controlamos el contenido o los enlaces que aparecen en estos sitios y no somos responsables de las pr\u00e1cticas empleadas por los sitios web vinculados a o desde nuestro Sitio. Adem\u00e1s, estos sitios o servicios, incluidos su contenido y enlaces, pueden estar cambiando constantemente. Estos sitios y servicios pueden tener sus propias pol\u00edticas de privacidad y pol\u00edticas de servicio al cliente. La navegaci\u00f3n e interacci\u00f3n en cualquier otro sitio web, incluidos los sitios web que tienen un enlace a nuestro Sitio, est\u00e1 sujeta a los propios t\u00e9rminos y pol\u00edticas de ese sitio web.<\/p>\n\n\n\n<h2 class=\"wp-block-heading\">Cambios en pol\u00edtica de privacidad<\/h2>\n\n\n\n<p>EcuadorPreguntas tiene la discreci\u00f3n de actualizar esta pol\u00edtica de privacidad en cualquier momento. Cuando lo hagamos, revisaremos la fecha actualizada al final de esta p\u00e1gina. Alentamos a los Usuarios a que consulten con frecuencia esta p\u00e1gina para ver cualquier cambio y mantenerse informados sobre c\u00f3mo estamos ayudando a proteger la informaci\u00f3n personal que recopilamos. Usted reconoce y acepta que es su responsabilidad revisar esta pol\u00edtica de privacidad peri\u00f3dicamente y conocer las modificaciones.<\/p>\n\n\n\n<h2 class=\"wp-block-heading\">Su aceptaci\u00f3n de estos t\u00e9rminos<\/h2>\n\n\n\n<p>Al utilizar este Sitio, usted manifiesta su aceptaci\u00f3n de esta pol\u00edtica y t\u00e9rminos de servicio. Si no est\u00e1 de acuerdo con esta pol\u00edtica, por favor no utilice nuestro Sitio. Su uso continuado del Sitio despu\u00e9s de la publicaci\u00f3n de cambios en esta pol\u00edtica ser\u00e1 considerado como su aceptaci\u00f3n de esos cambios.<\/p>\n\n\n\n<h2 class=\"wp-block-heading\">Contacto<\/h2>\n\n\n\n<p>Si tiene alguna pregunta sobre esta Pol\u00edtica de Privacidad, las pr\u00e1cticas de este sitio o sus tratos con este sitio, por favor cont\u00e1ctenos a trav\u00e9s de la p\u00e1gina de contacto.<\/p>\n\n\n\n<h2 class=\"wp-block-heading\">Aviso legal<\/h2>\n\n\n\n<h2 class=\"wp-block-heading\">Condiciones generales de uso de la Plataforma Educativa EcuadorPreguntas.com \u200b<\/h2>\n\n\n\n<p>Todos los servicios o contenidos que a trav\u00e9s de esta Plataforma Educativa se puedan obtener se encuentran sujetos a los t\u00e9rminos que se detallan en este aviso legal, sin perjuicio de que el acceso a alguno de dichos servicios o contenidos pudieran precisar de la aceptaci\u00f3n de unas condiciones generales adicionales.<\/p>\n\n\n\n<p>Por ello, si las consideraciones detalladas en este aviso legal no son de su conformidad, rogamos no haga uso del Plataforma Educativa, ya que cualquier uso que haga del mismo o de los servicios y contenidos en \u00e9l incluidos implicar\u00e1 la aceptaci\u00f3n de los t\u00e9rminos legales recogidos en este texto.<\/p>\n\n\n\n<p>Se reserva el derecho a realizar cambios en el Plataforma Educativa sin previo aviso con el objeto de actualizar, corregir, modificar, a\u00f1adir o eliminar los contenidos del Plataforma Educativa o de su dise\u00f1o. Los contenidos y servicios que ofrece la Plataforma Educativa se actualizan peri\u00f3dicamente. Debido a que la actualizaci\u00f3n de la informaci\u00f3n no es inmediata, le sugerimos que compruebe siempre la vigencia y exactitud de la informaci\u00f3n, servicios y contenidos recogidos en la Plataforma Educativa.<\/p>\n\n\n\n<h2 class=\"wp-block-heading\">Derechos de propiedad intelectual y de propiedad industrial<\/h2>\n\n\n\n<p>La Plataforma Educativa EcuadorPreguntas.com y de sus c\u00f3digos fuente est\u00e1n protegidos por los correspondientes derechos de propiedad intelectual e industrial. Su uso, reproducci\u00f3n, distribuci\u00f3n, comunicaci\u00f3n p\u00fablica, transformaci\u00f3n o cualquier otra actividad similar o an\u00e1loga queda totalmente prohibida salvo que medie autorizaci\u00f3n expresa de EcuadorPreguntas.com<\/p>\n\n\n\n<h2 class=\"wp-block-heading\">Privacidad<\/h2>\n\n\n\n<p>La Plataforma Educativa EcuadorPreguntas.com trata los datos personales de manera confidencial y exclusivamente para fines determinados, expl\u00edcitos y leg\u00edtimos, en todo caso, de acuerdo con el Reglamento general de protecci\u00f3n de datos.<\/p>\n\n\n\n<p>Para m\u00e1s informaci\u00f3n consulte el apartado <a href=\"https:\/\/ecuadorpreguntas.com\/politicas-de-privacidad\/\">Pol\u00edtica de Privacidad<\/a>.<\/p>\n\n\n\n<h2 class=\"wp-block-heading\">Derecho aplicable y jurisdicci\u00f3n competente<\/h2>\n\n\n\n<p>La Plataforma Educativa EcuadorPreguntas.com es dirigida a m\u00e9dicos de pa\u00edses Latinoamericanos que se preparan para el examen CACES. La ley aplicable en caso de disputa o conflicto, as\u00ed como cualquier cuesti\u00f3n relacionada con los servicios de la Plataforma Educativa EcuadorPreguntas.com, ser\u00e1 la ley estadounidense.<\/p>\n\n\n\n<p>Este Aviso Legal, as\u00ed como cualquier disputa o conflicto relacionado con la interpretaci\u00f3n, validez, ejecuci\u00f3n, cumplimiento o terminaci\u00f3n de estos t\u00e9rminos, y cualquier cuesti\u00f3n relacionada con los servicios ofrecidos por la Plataforma Educativa EcuadorPreguntas.com, se regir\u00e1 e interpretar\u00e1 de acuerdo con las leyes de Estados Unidos.<\/p>\n\n\n\n<p>Cualquier controversia que surja o est\u00e9 relacionada con este Aviso Legal estar\u00e1 sujeta exclusivamente a la jurisdicci\u00f3n de los tribunales competentes en Estados Unidos, que ser\u00e1n el foro adecuado para la presentaci\u00f3n de quejas o acciones legales.<\/p>\n\n\n\n<h2 class=\"wp-block-heading\">\u00bfPor cu\u00e1nto tiempo se conservar\u00e1n sus datos?<\/h2>\n\n\n\n<p>Los datos personales ser\u00e1n conservados en tanto usted no revoque su consentimiento al tratamiento. En todo caso, se le informa de que llevar\u00e1 a cabo procedimientos de supresi\u00f3n de datos personales en funci\u00f3n a los plazos de conservaci\u00f3n establecidos legalmente.<\/p>\n\n\n\n<h2 class=\"wp-block-heading\">\u00bfCu\u00e1les son sus derechos en relaci\u00f3n con el tratamiento que se hace de sus datos?<\/h2>\n\n\n\n<p>La normativa de protecci\u00f3n de datos le otorga una serie de derechos relativos a sus datos de car\u00e1cter personal que usted podr\u00e1 ejercitar durante el tratamiento de los mismos. Dichos derechos son los que se le indican a continuaci\u00f3n:<\/p>\n\n\n\n<p>Derecho de acceso<\/p>\n\n\n\n<p>Derecho de rectificaci\u00f3n<\/p>\n\n\n\n<p>Derecho de portabilidad<\/p>\n\n\n\n<p>Derecho a la limitaci\u00f3n del tratamiento<\/p>\n\n\n\n<p>Derecho de cancelaci\u00f3n<\/p>\n\n\n\n<p>Derecho de oposici\u00f3n<\/p>\n\n\n\n<p>Derecho a interponer una reclamaci\u00f3n frente a la autoridad de control<\/p>\n\n\n\n<p>El ejercicio de estos derechos se podr\u00e1 llevar a cabo por medio postal o electr\u00f3nico, a trav\u00e9s de los datos de contacto indicados al inicio de la presente cl\u00e1usula, acreditando su identidad como titular de los datos sobre los que ejercita la solicitud<\/p>\n\n\n\n<p>Para m\u00e1s informaci\u00f3n consulte el apartado <a href=\"https:\/\/ecuadorpreguntas.com\/contacto\/\">Contacto<\/a><\/p>\n\n\n\n<p>Para m\u00e1s informaci\u00f3n consulte el apartado Pol\u00edtica de Privacidad.<\/p>\n\n\n\n<h2 class=\"wp-block-heading\">Acceso<\/h2>\n\n\n\n<p>Usted debe proporcionar, bajo su propio coste, el equipo, las conexiones a Internet o los dispositivos m\u00f3viles y\/o planes de servicio para acceder y usar la plataforma educativa EcuadorPreguntas.com. Usted reconoce que, cuando usted usa la Aplicaci\u00f3n, su proveedor de servicios inal\u00e1mbricos puede cobrarle tarifas por datos, mensajes y\/u otro tipo de acceso inal\u00e1mbrico. Compruebe contactando con su proveedor si tales tarifas se le aplican a usted. Usted es el \u00fanico responsable de los costos en los que usted incurra para acceder a la plataforma educativa EcuadorPreguntas.com desde su dispositivo m\u00f3vil y\/o PC.<\/p>\n\n\n\n<h2 class=\"wp-block-heading\">Renuncia al Derecho de Desistimiento<\/h2>\n\n\n\n<p>Por la presente usted reconoce que al hacer clic en \u201cCOMPRAR\u201d, o un bot\u00f3n con una descripci\u00f3n similar, para realizar una compra platforma educativa le proporciona acceso inmediato al, y desempe\u00f1o del, contenido digital, sin tener que esperar por el per\u00edodo de desistimiento de 14 d\u00edas \u2013 El suministro de contenido digital que no se preste en un soporte material cuando la ejecuci\u00f3n haya comenzado. <strong>Por la presente usted consiente expresamente y reconoce que renuncia a su derecho de desistimiento de dicha compra.<\/strong><\/p>\n\n\n\n<h2 class=\"wp-block-heading\">La lengua en que podr\u00e1 formalizarse el contrato.<\/h2>\n\n\n\n<p>Todos los t\u00e9rminos y condiciones de este sitio web, as\u00ed como cualquier comunicaci\u00f3n, acuerdo o contrato, se formalizar\u00e1n exclusivamente en idioma espa\u00f1ol.<\/p>\n\n\n\n<h2 class=\"wp-block-heading\">Los medios t\u00e9cnicos para identificar y corregir errores en la introducci\u00f3n de los datos.<\/h2>\n\n\n\n<p>Se pone en conocimiento del Usuario que en caso de que detecte que se ha producido un error al introducir datos necesarios para procesar su solicitud de compra en el Sitio Web, podr\u00e1 modificar los mismos poni\u00e9ndose en contacto a trav\u00e9s de los espacios de contacto. Asimismo, estas informaciones tambi\u00e9n podr\u00edan subsanarse por el Usuario a trav\u00e9s de su espacio personal de conexi\u00f3n al Sitio Web.<\/p>\n\n\n\n<p>En cualquier caso, el Usuario, tiene acceso al espacio sus solicitudes de compra y puede hacer modificaciones.<\/p>\n\n\n\n<p>De igual forma, se remite al Usuario a consultar las Terminos de Servicio y la <a href=\"https:\/\/ecuadorpreguntas.com\/politicas-de-privacidad\/\">Pol\u00edtica de Privacidad <\/a>para recabar m\u00e1s informaci\u00f3n sobre c\u00f3mo ejercer su derecho de rectificaci\u00f3n.<\/p>\n\n\n\n<p>Puede acceder, actualizar, rectificar y eliminar sus datos personales que componen parte de su perfil al iniciar sesi\u00f3n en su cuenta<\/p>\n\n\n\n<h2 class=\"wp-block-heading\">Tr\u00e1mites para celebrar el contrato<\/h2>\n\n\n\n<p>C\u00f3mo registrase: Para registrarse ha de proporcionarnos direcci\u00f3n de correo electr\u00f3nico y tal vez alguna otra informaci\u00f3n personal. El Usuario deber\u00e1 rellenar y\/o comprobar la informaci\u00f3n que se le solicita, antes de realizar el pago, se pueden modificar los datos de la compra. Direcciones de correo v\u00e1lidas: Todas las cuentas deben abrirse con una direcci\u00f3n de correo electr\u00f3nico personal a la que acceda regularmente.<\/p>\n\n\n\n<h2 class=\"wp-block-heading\">Documento electr\u00f3nico en que se formalice el contrato<\/h2>\n\n\n\n<p>Las comunicaciones, \u00f3rdenes de compra y pagos que intervengan durante las transacciones efectuadas podr\u00edan ser archivadas y conservadas en los registros informatizados con el fin de constituir un medio de prueba de las transacciones, en todo caso, respetando las condiciones razonables de seguridad y las leyes y normativas vigentes que a este respecto sean de aplicaci\u00f3n. El Usuario consiente que el Sitio Web genere una documento electr\u00f3nico que se har\u00e1 llegar al Usuario a trav\u00e9s del correo electr\u00f3nico Una vez el procedimiento de compra ha concluido.<\/p>\n\n\n\n<p>Le rogamos lea nuestra <a href=\"https:\/\/ecuadorpreguntas.com\/politicas-de-privacidad\/\">Pol\u00edtica de Privacidad <\/a>y la <a href=\"https:\/\/ecuadorpreguntas.com\/politica-de-cookies\/\">Pol\u00edtica de Cookies <\/a>, que forma parte de este Acuerdo.<\/p>\n","protected":false},"excerpt":{"rendered":"<p>T\u00e9rminos de Servicio Reglas de uso para la plataforma educativa. La cuenta para acceder a [&hellip;]<\/p>\n","protected":false},"author":1,"featured_media":0,"parent":0,"menu_order":0,"comment_status":"closed","ping_status":"closed","template":"","meta":{"productId":0,"courseId":0,"footnotes":""},"class_list":["post-345","page","type-page","status-publish","hentry"],"_links":{"self":[{"href":"https:\/\/ecuadorpreguntas.com\/enfermeria\/wp-json\/wp\/v2\/pages\/345","targetHints":{"allow":["GET"]}}],"collection":[{"href":"https:\/\/ecuadorpreguntas.com\/enfermeria\/wp-json\/wp\/v2\/pages"}],"about":[{"href":"https:\/\/ecuadorpreguntas.com\/enfermeria\/wp-json\/wp\/v2\/types\/page"}],"author":[{"embeddable":true,"href":"https:\/\/ecuadorpreguntas.com\/enfermeria\/wp-json\/wp\/v2\/users\/1"}],"replies":[{"embeddable":true,"href":"https:\/\/ecuadorpreguntas.com\/enfermeria\/wp-json\/wp\/v2\/comments?post=345"}],"version-history":[{"count":21,"href":"https:\/\/ecuadorpreguntas.com\/enfermeria\/wp-json\/wp\/v2\/pages\/345\/revisions"}],"predecessor-version":[{"id":7090,"href":"https:\/\/ecuadorpreguntas.com\/enfermeria\/wp-json\/wp\/v2\/pages\/345\/revisions\/7090"}],"wp:attachment":[{"href":"https:\/\/ecuadorpreguntas.com\/enfermeria\/wp-json\/wp\/v2\/media?parent=345"}],"curies":[{"name":"wp","href":"https:\/\/api.w.org\/{rel}","templated":true}]}}